{"id":109,"date":"2015-02-11T08:16:08","date_gmt":"2015-02-11T08:16:08","guid":{"rendered":"http:\/\/stein-kosmetik.de\/cms\/?page_id=109"},"modified":"2026-04-22T08:11:02","modified_gmt":"2026-04-22T06:11:02","slug":"skin-shooter","status":"publish","type":"page","link":"https:\/\/www.stein-kosmetik.de\/cms\/skin-shooter\/","title":{"rendered":"Exklusiv-Behandlungen"},"content":{"rendered":"<div id=\"pl-109\"  class=\"panel-layout\" ><div id=\"pg-109-0\"  class=\"panel-grid panel-no-style\" ><div id=\"pgc-109-0-0\"  class=\"panel-grid-cell\" ><div id=\"panel-109-0-0-0\" class=\"so-panel widget widget_black-studio-tinymce widget_black_studio_tinymce panel-first-child\" data-index=\"0\" ><div class=\"panel-widget-style panel-widget-style-for-109-0-0-0\" ><div class=\"textwidget\"><h1 class=\"p1\">Aqua Facial Behandlung<\/h1>\n<p class=\"p1\">Wenn es darum geht, Ihre Haut zu verw\u00f6hnen und ihr ein frisches, strahlendes Aussehen zu verleihen, ist die Aqua Facial Behandlung eine erstklassige Wahl. Diese innovative Gesichtsbehandlung kombiniert Reinigung, Peeling, Extraktion und Hydration, um ihre Haut zu revitalisieren.<\/p>\n<p>&nbsp;<\/p>\n<h1 class=\"p1\">Basic<\/h1>\n<p class=\"p1\">(ca. 45-60 Minuten)<br \/>\nFacial + Maske, Augenpflege<\/p>\n<h2 class=\"p1\">105,00 \u20ac<\/h2>\n<p>&nbsp;<\/p>\n<h1 class=\"p1\">Relax<\/h1>\n<p class=\"p1\">(ca. 60 Minuten)<br \/>\nFacial + Maske + Gesichts-, Hals- und Dekollet\u00e9massage<\/p>\n<h2 class=\"p1\">125,00 \u20ac<\/h2>\n<p>&nbsp;<\/p>\n<h1 class=\"p1\">Exclusive<\/h1>\n<p class=\"p1\">(ca. 60-75 Minuten)<br \/>\nFacial + Radiofrequenz oder Ionenlifting + Maske<\/p>\n<h2 class=\"p1\">149,00 \u20ac<\/h2>\n<p>&nbsp;<\/p>\n<h1 class=\"p1\">Teenie<\/h1>\n<p class=\"p1\">(ca. 45 Minuten)<br \/>\nbis 25 Jahre oder f\u00fcr Sch\u00fcler\/Studenten<\/p>\n<h2 class=\"p1\">75,00 \u20ac<\/h2>\n<\/div><\/div><\/div><div id=\"panel-109-0-0-1\" class=\"so-panel widget widget_black-studio-tinymce widget_black_studio_tinymce\" data-index=\"1\" ><div class=\"panel-widget-style panel-widget-style-for-109-0-0-1\" ><div class=\"textwidget\"><h1 class=\"p1\">Micro Needling PRO<\/h1>\n<p class=\"p1\">inkl. Microdermabrasion<br \/>\n(ca. 60-75 Minuten)<\/p>\n<p class=\"p1\">f\u00fcr dermazeutisch h\u00f6chste Anspr\u00fcche! Die Micro Needling PRO-Behandlung ist eine spezielle Methode, die Neuproduktion von Kollagen und Elastin sowie die Aussch\u00fcttung von Hyalurons\u00e4ure zu aktivieren. Die Hautstruktur wird durch den nat\u00fcrlichen Prozess der Heilung und Regeneration gest\u00e4rkt und gefestigt.<\/p>\n<ul>\n<li>Hautverj\u00fcngung<\/li>\n<li>Hautfestigung<\/li>\n<li>Faltenreduktion<\/li>\n<li>bei Narben<\/li>\n<li>bei Dehnungs-\/Schwangerschaftsstreifen<\/li>\n<li>Aufhellung von Pigmentst\u00f6rungen<\/li>\n<li>Porenverkleinerung<\/li>\n<li>Verfeinerung des Hautbildes<\/li>\n<\/ul>\n<p>&nbsp;<\/p>\n<h1 class=\"p1\">Einzelbehandlung<\/h1>\n<h2 class=\"p1\">139,00 \u20ac<\/h2>\n<p>&nbsp;<\/p>\n<h1 class=\"p1\">Kurbehandlung<\/h1>\n<p class=\"p1\">4 Behandlungen<\/p>\n<h2 class=\"p1\">515,00 \u20ac<\/h2>\n<p>statt 556,00 \u20ac<\/p>\n<\/div><\/div><\/div><div id=\"panel-109-0-0-2\" class=\"so-panel widget widget_black-studio-tinymce widget_black_studio_tinymce\" data-index=\"2\" ><div class=\"panel-widget-style panel-widget-style-for-109-0-0-2\" ><div class=\"textwidget\"><h1 class=\"p1\">2-Phasen Nano-Needling<\/h1>\n<p class=\"p1\">inkl. Licht-Therapie<br \/>\n(ca. 75-90 Minuten)<\/p>\n<p class=\"p1\">Auf mehreren Ebenen zum Erfolg: 2-Phasen Needling aus Nano- und Microneedling. Das 2-Phasen Nano-Needling arbeitet auf verschiedenen Hautebenen. Die Haut wird perfekt auf die Aufnahme von wertvollen Seren vorbereitet und gleichzeitig wird die Stimulation in tieferen hautschichten angeregt.<\/p>\n<p>&nbsp;<\/p>\n<h1 class=\"p1\">Einzelbehandlung<\/h1>\n<h2 class=\"p1\">159,00 \u20ac<\/h2>\n<\/div><\/div><\/div><div id=\"panel-109-0-0-3\" class=\"so-panel widget widget_black-studio-tinymce widget_black_studio_tinymce\" data-index=\"3\" ><div class=\"panel-widget-style panel-widget-style-for-109-0-0-3\" ><div class=\"textwidget\"><h1 class=\"p1\">Exo-Needling mit Exosomen<\/h1>\n<p class=\"p1\">inkl. Exosomen-Hautpflege im Wert von 99,- \u20ac<br \/>\n(ca. 60 Minuten)<\/p>\n<p>&nbsp;<\/p>\n<h1 class=\"p1\">Einzelbehandlung<\/h1>\n<h2 class=\"p1\">229,00 \u20ac<\/h2>\n<\/div><\/div><\/div><div id=\"panel-109-0-0-4\" class=\"so-panel widget widget_black-studio-tinymce widget_black_studio_tinymce\" data-index=\"4\" ><div class=\"panel-widget-style panel-widget-style-for-109-0-0-4\" ><div class=\"textwidget\"><h1 class=\"p1\">Boost Your Lips Needling<\/h1>\n<p class=\"p1\">(ca. 30 Minuten)<\/p>\n<p>&nbsp;<\/p>\n<h1 class=\"p1\">Einzelbehandlung<\/h1>\n<h2 class=\"p1\">75,00 \u20ac<\/h2>\n<\/div><\/div><\/div><div id=\"panel-109-0-0-5\" class=\"so-panel widget widget_black-studio-tinymce widget_black_studio_tinymce\" data-index=\"5\" ><div class=\"panel-widget-style panel-widget-style-for-109-0-0-5\" ><div class=\"textwidget\"><h1 class=\"p1\">Kombi-Behandlung: Aqua Clean + Needling Glow<\/h1>\n<p class=\"p1\">Eine Kombination aus Aqua Facial und Micro Needling.<\/p>\n<p>&nbsp;<\/p>\n<h1 class=\"p1\">Einzelbehandlung<\/h1>\n<h2 class=\"p1\">249,00 \u20ac<\/h2>\n<\/div><\/div><\/div><div id=\"panel-109-0-0-6\" class=\"so-panel widget widget_black-studio-tinymce widget_black_studio_tinymce panel-last-child\" data-index=\"6\" ><div class=\"panel-widget-style panel-widget-style-for-109-0-0-6\" ><div class=\"textwidget\"><h1 class=\"p1\">Microdermabrasion<\/h1>\n<p class=\"p1\">inkl. Enzym-Peeling und Wirkstoffkonzentrat<br \/>\n(ca. 60 Minuten)<\/p>\n<p class=\"p1\">In einem regelm\u00e4\u00dfigen Zyklus erneuern sich die Hautzellen. Diese F\u00e4higkeit l\u00e4sst mit zunehmendem Alter nach, die Folge ist eine Verschlechterung des Hautbildes durch die fehlende Neubildung von Zellen. Die abgestorbenen Hautschichten m\u00fcssen abgetragen werden, um eine Verbesserung des Hautbildes zu erziehlen. Mit der Diamant Microdermabrasion wird eine absolut sanfte Abtragung der oberen Hautschichten vorgenommen. Die nat\u00fcrliche Hautregeneration wird dadurch angeregt und das Hautbild wird sichtbar verbessert.<\/p>\n<ul>\n<li>sofort sichtbare Ergebnisse<\/li>\n<li>Verj\u00fcngung des Hautbildes<\/li>\n<li>Reduzierung von Falten und Pigmentst\u00f6rungen<\/li>\n<li>ebenm\u00e4\u00dfiger und srahlender Teint<\/li>\n<\/ul>\n<p>&nbsp;<\/p>\n<h1 class=\"p1\">Einzelbehandlung<\/h1>\n<h2 class=\"p1\">94,00 \u20ac<\/h2>\n<p>&nbsp;<\/p>\n<h1 class=\"p1\">Kurbehandlung<\/h1>\n<p class=\"p1\">4 Behandlungen<\/p>\n<h2 class=\"p1\">350,00 \u20ac<\/h2>\n<p>statt 376,00 \u20ac<\/p>\n<\/div><\/div><\/div><\/div><div id=\"pgc-109-0-1\"  class=\"panel-grid-cell\" ><div id=\"panel-109-0-1-0\" class=\"so-panel widget widget_nav_menu panel-first-child\" data-index=\"7\" ><div class=\"panel-widget-style panel-widget-style-for-109-0-1-0\" ><div class=\"menu-behandlungen-container\"><ul id=\"menu-behandlungen\" class=\"menu\"><li id=\"menu-item-86\" class=\"menu-item menu-item-type-post_type menu-item-object-page menu-item-86\"><a href=\"https:\/\/www.stein-kosmetik.de\/cms\/gesichtsbehandlungen\/\">Gesichtsbehandlungen<\/a><\/li>\n<li id=\"menu-item-123\" class=\"menu-item menu-item-type-post_type menu-item-object-page menu-item-123\"><a href=\"https:\/\/www.stein-kosmetik.de\/cms\/skin-shooter\/\">Exklusiv-Behandlungen<\/a><\/li>\n<li id=\"menu-item-121\" class=\"menu-item menu-item-type-post_type menu-item-object-page menu-item-121\"><a href=\"https:\/\/www.stein-kosmetik.de\/cms\/fusspflege\/\">Fusspflege \/ Manik\u00fcre<\/a><\/li>\n<li id=\"menu-item-119\" class=\"menu-item menu-item-type-post_type menu-item-object-page menu-item-119\"><a href=\"https:\/\/www.stein-kosmetik.de\/cms\/zusatzbehandlungen\/\">Zusatzbehandlungen<\/a><\/li>\n<\/ul><\/div><\/div><\/div><div id=\"panel-109-0-1-1\" class=\"so-panel widget widget_black-studio-tinymce widget_black_studio_tinymce panel-last-child\" data-index=\"8\" ><div class=\"disclaimer panel-widget-style panel-widget-style-for-109-0-1-1\" ><div class=\"textwidget\"><p class=\"p1\">Liebe Kunden,<\/p>\n<p class=\"p1\">wir m\u00f6chten Sie nochmals darauf aufmerksam machen, da\u00df wir uns erlauben, bei <strong>nicht sp\u00e4testens 24 Stunden<\/strong> vorher abgesagten Terminen, <strong>100% des gebuchten Behandlungspreises zu berechnen.<\/strong><\/p>\n<p class=\"p1\">Bei nicht Erscheinen eines gebuchten Termines der ohne fristgerechte Absage erfolgt, erlauben wir uns, <strong>100% des gebuchten Behandlungspreises zu berechnen.<\/strong><\/p>\n<p>Vielen Dank f\u00fcr Ihr Verst\u00e4ndnis.<\/p>\n<\/div><\/div><\/div><\/div><\/div><\/div>","protected":false},"excerpt":{"rendered":"<p>Aqua Facial Behandlung Wenn es darum geht, Ihre Haut zu verw\u00f6hnen und ihr ein frisches, strahlendes Aussehen zu verleihen, ist die Aqua Facial Behandlung eine erstklassige Wahl. Diese innovative Gesichtsbehandlung kombiniert Reinigung, Peeling, Extraktion und Hydration, um ihre Haut zu revitalisieren. &nbsp; Basic (ca. 45-60 Minuten) Facial + Maske, Augenpflege 105,00 \u20ac &nbsp; Relax (ca. [&hellip;]<\/p>\n","protected":false},"author":1,"featured_media":0,"parent":0,"menu_order":0,"comment_status":"closed","ping_status":"closed","template":"templates\/template-full.php","meta":[],"_links":{"self":[{"href":"https:\/\/www.stein-kosmetik.de\/cms\/wp-json\/wp\/v2\/pages\/109"}],"collection":[{"href":"https:\/\/www.stein-kosmetik.de\/cms\/wp-json\/wp\/v2\/pages"}],"about":[{"href":"https:\/\/www.stein-kosmetik.de\/cms\/wp-json\/wp\/v2\/types\/page"}],"author":[{"embeddable":true,"href":"https:\/\/www.stein-kosmetik.de\/cms\/wp-json\/wp\/v2\/users\/1"}],"replies":[{"embeddable":true,"href":"https:\/\/www.stein-kosmetik.de\/cms\/wp-json\/wp\/v2\/comments?post=109"}],"version-history":[{"count":97,"href":"https:\/\/www.stein-kosmetik.de\/cms\/wp-json\/wp\/v2\/pages\/109\/revisions"}],"predecessor-version":[{"id":607,"href":"https:\/\/www.stein-kosmetik.de\/cms\/wp-json\/wp\/v2\/pages\/109\/revisions\/607"}],"wp:attachment":[{"href":"https:\/\/www.stein-kosmetik.de\/cms\/wp-json\/wp\/v2\/media?parent=109"}],"curies":[{"name":"wp","href":"https:\/\/api.w.org\/{rel}","templated":true}]}}