{"id":117,"date":"2015-02-11T08:17:10","date_gmt":"2015-02-11T08:17:10","guid":{"rendered":"http:\/\/stein-kosmetik.de\/cms\/?page_id=117"},"modified":"2026-04-22T08:09:26","modified_gmt":"2026-04-22T06:09:26","slug":"zusatzbehandlungen","status":"publish","type":"page","link":"https:\/\/www.stein-kosmetik.de\/cms\/zusatzbehandlungen\/","title":{"rendered":"Zusatzbehandlungen"},"content":{"rendered":"<div id=\"pl-117\"  class=\"panel-layout\" ><div id=\"pg-117-0\"  class=\"panel-grid panel-no-style\" ><div id=\"pgc-117-0-0\"  class=\"panel-grid-cell\" ><div id=\"panel-117-0-0-0\" class=\"so-panel widget widget_black-studio-tinymce widget_black_studio_tinymce panel-first-child\" data-index=\"0\" ><div class=\"panel-widget-style panel-widget-style-for-117-0-0-0\" ><div class=\"textwidget\"><h1 class=\"p1\">Augenbrauen Korrektur<\/h1>\n<h2 class=\"p1\"><span class=\"s1\">ab<\/span> 12,00 \u20ac<\/h2>\n<\/div><\/div><\/div><div id=\"panel-117-0-0-1\" class=\"so-panel widget widget_black-studio-tinymce widget_black_studio_tinymce\" data-index=\"1\" ><div class=\"panel-widget-style panel-widget-style-for-117-0-0-1\" ><div class=\"textwidget\"><h1 class=\"p1\">Augenbrauen f\u00e4rben<\/h1>\n<h2 class=\"p1\">10,00 \u20ac<\/h2>\n<\/div><\/div><\/div><div id=\"panel-117-0-0-2\" class=\"so-panel widget widget_black-studio-tinymce widget_black_studio_tinymce\" data-index=\"2\" ><div class=\"panel-widget-style panel-widget-style-for-117-0-0-2\" ><div class=\"textwidget\"><h1 class=\"p1\">Augenbrauen f\u00e4rben + Korrektur<\/h1>\n<h2 class=\"p1\">20,00 \u20ac<\/h2>\n<\/div><\/div><\/div><div id=\"panel-117-0-0-3\" class=\"so-panel widget widget_black-studio-tinymce widget_black_studio_tinymce\" data-index=\"3\" ><div class=\"panel-widget-style panel-widget-style-for-117-0-0-3\" ><div class=\"textwidget\"><h1 class=\"p1\">Wimpern f\u00e4rben<\/h1>\n<h2 class=\"p1\">15,00 \u20ac<\/h2>\n<\/div><\/div><\/div><div id=\"panel-117-0-0-4\" class=\"so-panel widget widget_black-studio-tinymce widget_black_studio_tinymce\" data-index=\"4\" ><div class=\"panel-widget-style panel-widget-style-for-117-0-0-4\" ><div class=\"textwidget\"><h1 class=\"p1\">Wirkstoffkonzentrat<\/h1>\n<p>Ampulle<\/p>\n<h2 class=\"p1\"><span class=\"s1\">ab<\/span> 10,00 \u20ac<\/h2>\n<\/div><\/div><\/div><div id=\"panel-117-0-0-5\" class=\"so-panel widget widget_black-studio-tinymce widget_black_studio_tinymce panel-last-child\" data-index=\"5\" ><div class=\"panel-widget-style panel-widget-style-for-117-0-0-5\" ><div class=\"textwidget\"><h1 class=\"p1\">Lippen- oder Augenmaske<\/h1>\n<h2 class=\"p1\">ab 10,00 \u20ac<\/h2>\n<\/div><\/div><\/div><\/div><div id=\"pgc-117-0-1\"  class=\"panel-grid-cell\" ><div id=\"panel-117-0-1-0\" class=\"so-panel widget widget_black-studio-tinymce widget_black_studio_tinymce panel-first-child\" data-index=\"6\" ><div class=\"panel-widget-style panel-widget-style-for-117-0-1-0\" ><div class=\"textwidget\"><h1 class=\"p1\">Enthaarungen<\/h1>\n<p>(mit Wachs)<\/p>\n<p>Oberlippe oder Kinn<\/p>\n<h2 class=\"p1\">je 12,00 \u20ac<\/h2>\n<p>Oberlippe inkl. Kinn<\/p>\n<h2 class=\"p1\">22,00 \u20ac<\/h2>\n<p>Gesicht komplett<\/p>\n<h2 class=\"p1\">ab 40,00 \u20ac<\/h2>\n<\/div><\/div><\/div><div id=\"panel-117-0-1-1\" class=\"so-panel widget widget_black-studio-tinymce widget_black_studio_tinymce panel-last-child\" data-index=\"7\" ><div class=\"panel-widget-style panel-widget-style-for-117-0-1-1\" ><div class=\"textwidget\"><h1 class=\"p1\">Make-Up<\/h1>\n<p>(innerhalb einer Behandlung)<\/p>\n<h2 class=\"p1\">35,00 \u20ac<\/h2>\n<\/div><\/div><\/div><\/div><div id=\"pgc-117-0-2\"  class=\"panel-grid-cell\" ><div id=\"panel-117-0-2-0\" class=\"so-panel widget widget_nav_menu panel-first-child\" data-index=\"8\" ><div class=\"panel-widget-style panel-widget-style-for-117-0-2-0\" ><div class=\"menu-behandlungen-container\"><ul id=\"menu-behandlungen\" class=\"menu\"><li id=\"menu-item-86\" class=\"menu-item menu-item-type-post_type menu-item-object-page menu-item-86\"><a href=\"https:\/\/www.stein-kosmetik.de\/cms\/gesichtsbehandlungen\/\">Gesichtsbehandlungen<\/a><\/li>\n<li id=\"menu-item-123\" class=\"menu-item menu-item-type-post_type menu-item-object-page menu-item-123\"><a href=\"https:\/\/www.stein-kosmetik.de\/cms\/skin-shooter\/\">Exklusiv-Behandlungen<\/a><\/li>\n<li id=\"menu-item-121\" class=\"menu-item menu-item-type-post_type menu-item-object-page menu-item-121\"><a href=\"https:\/\/www.stein-kosmetik.de\/cms\/fusspflege\/\">Fusspflege \/ Manik\u00fcre<\/a><\/li>\n<li id=\"menu-item-119\" class=\"menu-item menu-item-type-post_type menu-item-object-page menu-item-119\"><a href=\"https:\/\/www.stein-kosmetik.de\/cms\/zusatzbehandlungen\/\">Zusatzbehandlungen<\/a><\/li>\n<\/ul><\/div><\/div><\/div><div id=\"panel-117-0-2-1\" class=\"so-panel widget widget_black-studio-tinymce widget_black_studio_tinymce panel-last-child\" data-index=\"9\" ><div class=\"disclaimer panel-widget-style panel-widget-style-for-117-0-2-1\" ><div class=\"textwidget\"><p class=\"p1\">Liebe Kunden,<\/p>\n<p class=\"p1\">wir m\u00f6chten Sie nochmals darauf aufmerksam machen, da\u00df wir uns erlauben, bei <strong>nicht sp\u00e4testens 24 Stunden<\/strong> vorher abgesagten Terminen, <strong>50% des gebuchten Behandlungspreises zu berechnen.<\/strong><\/p>\n<p class=\"p1\">Bei nicht Erscheinen eines gebuchten Termines der ohne fristgerechte Absage erfolgt, erlauben wir uns, <strong>100% des gebuchten Behandlungspreises zu berechnen.<\/strong><\/p>\n<p>Vielen Dank f\u00fcr Ihr Verst\u00e4ndnis.<\/p>\n<\/div><\/div><\/div><\/div><\/div><\/div>","protected":false},"excerpt":{"rendered":"<p>Augenbrauen Korrektur ab 12,00 \u20ac Augenbrauen f\u00e4rben 10,00 \u20ac Augenbrauen f\u00e4rben + Korrektur 20,00 \u20ac Wimpern f\u00e4rben 15,00 \u20ac Wirkstoffkonzentrat Ampulle ab 10,00 \u20ac Lippen- oder Augenmaske ab 10,00 \u20ac Enthaarungen (mit Wachs) Oberlippe oder Kinn je 12,00 \u20ac Oberlippe inkl. Kinn 22,00 \u20ac Gesicht komplett ab 40,00 \u20ac Make-Up (innerhalb einer Behandlung) 35,00 \u20ac<\/p>\n","protected":false},"author":1,"featured_media":0,"parent":0,"menu_order":0,"comment_status":"closed","ping_status":"closed","template":"templates\/template-full.php","meta":[],"_links":{"self":[{"href":"https:\/\/www.stein-kosmetik.de\/cms\/wp-json\/wp\/v2\/pages\/117"}],"collection":[{"href":"https:\/\/www.stein-kosmetik.de\/cms\/wp-json\/wp\/v2\/pages"}],"about":[{"href":"https:\/\/www.stein-kosmetik.de\/cms\/wp-json\/wp\/v2\/types\/page"}],"author":[{"embeddable":true,"href":"https:\/\/www.stein-kosmetik.de\/cms\/wp-json\/wp\/v2\/users\/1"}],"replies":[{"embeddable":true,"href":"https:\/\/www.stein-kosmetik.de\/cms\/wp-json\/wp\/v2\/comments?post=117"}],"version-history":[{"count":46,"href":"https:\/\/www.stein-kosmetik.de\/cms\/wp-json\/wp\/v2\/pages\/117\/revisions"}],"predecessor-version":[{"id":605,"href":"https:\/\/www.stein-kosmetik.de\/cms\/wp-json\/wp\/v2\/pages\/117\/revisions\/605"}],"wp:attachment":[{"href":"https:\/\/www.stein-kosmetik.de\/cms\/wp-json\/wp\/v2\/media?parent=117"}],"curies":[{"name":"wp","href":"https:\/\/api.w.org\/{rel}","templated":true}]}}