{"id":18,"date":"2015-02-10T12:28:00","date_gmt":"2015-02-10T12:28:00","guid":{"rendered":"http:\/\/stein-kosmetik.de\/cms\/?page_id=18"},"modified":"2026-04-22T07:56:36","modified_gmt":"2026-04-22T05:56:36","slug":"gesichtsbehandlungen","status":"publish","type":"page","link":"https:\/\/www.stein-kosmetik.de\/cms\/gesichtsbehandlungen\/","title":{"rendered":"Gesichtsbehandlungen"},"content":{"rendered":"<div id=\"pl-18\"  class=\"panel-layout\" ><div id=\"pg-18-0\"  class=\"panel-grid panel-no-style\" ><div id=\"pgc-18-0-0\"  class=\"panel-grid-cell\" ><div id=\"panel-18-0-0-0\" class=\"so-panel widget widget_black-studio-tinymce widget_black_studio_tinymce panel-first-child\" data-index=\"0\" ><div class=\"panel-widget-style panel-widget-style-for-18-0-0-0\" ><div class=\"textwidget\"><h1 class=\"p1\">Hautklar<\/h1>\n<p class=\"p1\">(ca. 40 Minuten)<\/p>\n<p class=\"p1\">Hautreinigung, Enzym-Peeling, Ausreinigen, beruhigende Abschlusspflege<\/p>\n<h2 class=\"p1\">55,00 \u20ac<\/h2>\n<\/div><\/div><\/div><div id=\"panel-18-0-0-1\" class=\"so-panel widget widget_black-studio-tinymce widget_black_studio_tinymce\" data-index=\"1\" ><div class=\"panel-widget-style panel-widget-style-for-18-0-0-1\" ><div class=\"textwidget\"><h1 class=\"p1\">Beauty to Go<\/h1>\n<p class=\"p1\">(ca. 45-60 Minuten)<\/p>\n<p class=\"p1\">Hautreinigung, Peeling, Ausreinigen, pflegende Maske, Abschlusspflege<\/p>\n<h2 class=\"p1\">69,00 \u20ac<\/h2>\n<\/div><\/div><\/div><div id=\"panel-18-0-0-2\" class=\"so-panel widget widget_black-studio-tinymce widget_black_studio_tinymce\" data-index=\"2\" ><div class=\"panel-widget-style panel-widget-style-for-18-0-0-2\" ><div class=\"textwidget\"><h1 class=\"p1\">Hydra-Boost<\/h1>\n<p class=\"p1\">(ca. 60 Minuten)<\/p>\n<p class=\"p1\">Reinigung, Microsilver-Peeling, Hyaluron Lift-Konzentrat, straffende Maske, Gesichtsmassage, Hyaluron-Boost-Pflege<\/p>\n<h2 class=\"p1\">74,00 \u20ac<\/h2>\n<\/div><\/div><\/div><div id=\"panel-18-0-0-3\" class=\"so-panel widget widget_black-studio-tinymce widget_black_studio_tinymce panel-last-child\" data-index=\"3\" ><div class=\"panel-widget-style panel-widget-style-for-18-0-0-3\" ><div class=\"textwidget\"><h1 class=\"p1\"><span class=\"s1\">Wohlf\u00fchlbehandlung<\/span><\/h1>\n<p class=\"p2\">(ca. 60-75 Minuten)<\/p>\n<p class=\"p2\">Hautreinigung, Peeling, Ausreinigen, Gesichts-, Hals- und Dekollet\u00e9massage, vitalisierende Maske, Abschlusspflege<\/p>\n<h2 class=\"p1\">79,00 \u20ac<\/h2>\n<\/div><\/div><\/div><\/div><div id=\"pgc-18-0-1\"  class=\"panel-grid-cell\" ><div id=\"panel-18-0-1-0\" class=\"so-panel widget widget_nav_menu panel-first-child\" data-index=\"4\" ><div class=\"panel-widget-style panel-widget-style-for-18-0-1-0\" ><div class=\"menu-behandlungen-container\"><ul id=\"menu-behandlungen\" class=\"menu\"><li id=\"menu-item-86\" class=\"menu-item menu-item-type-post_type menu-item-object-page menu-item-86\"><a href=\"https:\/\/www.stein-kosmetik.de\/cms\/gesichtsbehandlungen\/\">Gesichtsbehandlungen<\/a><\/li>\n<li id=\"menu-item-123\" class=\"menu-item menu-item-type-post_type menu-item-object-page menu-item-123\"><a href=\"https:\/\/www.stein-kosmetik.de\/cms\/skin-shooter\/\">Exklusiv-Behandlungen<\/a><\/li>\n<li id=\"menu-item-121\" class=\"menu-item menu-item-type-post_type menu-item-object-page menu-item-121\"><a href=\"https:\/\/www.stein-kosmetik.de\/cms\/fusspflege\/\">Fusspflege \/ Manik\u00fcre<\/a><\/li>\n<li id=\"menu-item-119\" class=\"menu-item menu-item-type-post_type menu-item-object-page menu-item-119\"><a href=\"https:\/\/www.stein-kosmetik.de\/cms\/zusatzbehandlungen\/\">Zusatzbehandlungen<\/a><\/li>\n<\/ul><\/div><\/div><\/div><div id=\"panel-18-0-1-1\" class=\"so-panel widget widget_black-studio-tinymce widget_black_studio_tinymce panel-last-child\" data-index=\"5\" ><div class=\"disclaimer panel-widget-style panel-widget-style-for-18-0-1-1\" ><div class=\"textwidget\"><p class=\"p1\">Liebe Kunden,<\/p>\n<p class=\"p1\">wir m\u00f6chten Sie nochmals darauf aufmerksam machen, da\u00df wir uns erlauben, bei <strong>nicht sp\u00e4testens 24 Stunden<\/strong> vorher abgesagten Terminen, <strong>50% des gebuchten Behandlungspreises zu berechnen.<\/strong><\/p>\n<p class=\"p1\">Bei nicht Erscheinen eines gebuchten Termines der ohne fristgerechte Absage erfolgt, erlauben wir uns, <strong>100% des gebuchten Behandlungspreises zu berechnen.<\/strong><\/p>\n<p>Vielen Dank f\u00fcr Ihr Verst\u00e4ndnis.<\/p>\n<\/div><\/div><\/div><\/div><\/div><\/div>","protected":false},"excerpt":{"rendered":"<p>Hautklar (ca. 40 Minuten) Hautreinigung, Enzym-Peeling, Ausreinigen, beruhigende Abschlusspflege 55,00 \u20ac Beauty to Go (ca. 45-60 Minuten) Hautreinigung, Peeling, Ausreinigen, pflegende Maske, Abschlusspflege 69,00 \u20ac Hydra-Boost (ca. 60 Minuten) Reinigung, Microsilver-Peeling, Hyaluron Lift-Konzentrat, straffende Maske, Gesichtsmassage, Hyaluron-Boost-Pflege 74,00 \u20ac Wohlf\u00fchlbehandlung (ca. 60-75 Minuten) Hautreinigung, Peeling, Ausreinigen, Gesichts-, Hals- und Dekollet\u00e9massage, vitalisierende Maske, Abschlusspflege 79,00 \u20ac<\/p>\n","protected":false},"author":1,"featured_media":0,"parent":0,"menu_order":0,"comment_status":"closed","ping_status":"closed","template":"templates\/template-full.php","meta":[],"_links":{"self":[{"href":"https:\/\/www.stein-kosmetik.de\/cms\/wp-json\/wp\/v2\/pages\/18"}],"collection":[{"href":"https:\/\/www.stein-kosmetik.de\/cms\/wp-json\/wp\/v2\/pages"}],"about":[{"href":"https:\/\/www.stein-kosmetik.de\/cms\/wp-json\/wp\/v2\/types\/page"}],"author":[{"embeddable":true,"href":"https:\/\/www.stein-kosmetik.de\/cms\/wp-json\/wp\/v2\/users\/1"}],"replies":[{"embeddable":true,"href":"https:\/\/www.stein-kosmetik.de\/cms\/wp-json\/wp\/v2\/comments?post=18"}],"version-history":[{"count":81,"href":"https:\/\/www.stein-kosmetik.de\/cms\/wp-json\/wp\/v2\/pages\/18\/revisions"}],"predecessor-version":[{"id":591,"href":"https:\/\/www.stein-kosmetik.de\/cms\/wp-json\/wp\/v2\/pages\/18\/revisions\/591"}],"wp:attachment":[{"href":"https:\/\/www.stein-kosmetik.de\/cms\/wp-json\/wp\/v2\/media?parent=18"}],"curies":[{"name":"wp","href":"https:\/\/api.w.org\/{rel}","templated":true}]}}